{"id":26329,"date":"2025-04-10T09:55:02","date_gmt":"2025-04-10T07:55:02","guid":{"rendered":"https:\/\/www.danielefiesoli.com\/?page_id=26329"},"modified":"2025-04-30T17:42:32","modified_gmt":"2025-04-30T15:42:32","slug":"brand-vision","status":"publish","type":"page","link":"https:\/\/www.danielefiesoli.com\/en\/brand-vision\/","title":{"rendered":"Brand Vision"},"content":{"rendered":"\t\t<div data-elementor-type=\"wp-page\" data-elementor-id=\"26329\" class=\"elementor elementor-26329\" data-elementor-post-type=\"page\">\n\t\t\t\t<div class=\"elementor-element elementor-element-fb2c832 e-con-full e-flex e-con e-child\" data-id=\"fb2c832\" data-element_type=\"container\" data-e-type=\"container\" data-settings=\"{&quot;background_background&quot;:&quot;classic&quot;}\">\n\t\t<div class=\"elementor-element elementor-element-a0b5a5a e-con-full e-flex e-con e-child\" data-id=\"a0b5a5a\" data-element_type=\"container\" data-e-type=\"container\">\n\t\t\t\t<div class=\"elementor-element elementor-element-a929d5e elementor-invisible elementor-widget elementor-widget-heading\" data-id=\"a929d5e\" data-element_type=\"widget\" data-e-type=\"widget\" data-settings=\"{&quot;_animation&quot;:&quot;slideInUp&quot;,&quot;_animation_delay&quot;:1000}\" data-widget_type=\"heading.default\">\n\t\t\t\t<div class=\"elementor-widget-container\">\n\t\t\t\t\t<h2 class=\"elementor-heading-title elementor-size-default\">BRAND VISION<\/h2>\t\t\t\t<\/div>\n\t\t\t\t<\/div>\n\t\t<div class=\"elementor-element elementor-element-9db6129 e-flex e-con-boxed e-con e-child\" data-id=\"9db6129\" data-element_type=\"container\" data-e-type=\"container\">\n\t\t\t\t\t<div class=\"e-con-inner\">\n\t\t\t\t<div class=\"elementor-element elementor-element-2d72a3b elementor-invisible elementor-widget elementor-widget-text-editor\" data-id=\"2d72a3b\" data-element_type=\"widget\" data-e-type=\"widget\" data-settings=\"{&quot;_animation&quot;:&quot;fadeInUp&quot;}\" data-widget_type=\"text-editor.default\">\n\t\t\t\t<div class=\"elementor-widget-container\">\n\t\t\t\t\t\t\t\t\t<p>La nostra idea di moda nasce dall\u2019incontro tra istinto e visione. \u00c8 un\u2019esperienza, un segno distintivo, un\u2019estensione di chi lo indossa. Ogni dettaglio ha un significato e nulla \u00e8 lasciato al caso.<\/p><p>Daniele Fiesoli \u00e8 una sintesi tra avanguardia e tradizione, tra il sapere artigianale e il coraggio di innovare. Ogni collezione \u00e8 una ricerca, un passo avanti, un\u2019evoluzione continua che non si accontenta di ci\u00f2 che \u00e8 gi\u00e0 stato fatto.<\/p>\t\t\t\t\t\t\t\t<\/div>\n\t\t\t\t<\/div>\n\t\t\t\t\t<\/div>\n\t\t\t\t<\/div>\n\t\t\t\t<div class=\"elementor-element elementor-element-5813c00 elementor-widget elementor-widget-image\" data-id=\"5813c00\" data-element_type=\"widget\" data-e-type=\"widget\" data-widget_type=\"image.default\">\n\t\t\t\t<div class=\"elementor-widget-container\">\n\t\t\t\t\t\t\t\t\t\t\t\t\t\t\t<img fetchpriority=\"high\" decoding=\"async\" width=\"1920\" height=\"1281\" src=\"https:\/\/www.danielefiesoli.com\/wp-content\/uploads\/2025\/04\/brand-vision-background.webp\" class=\"attachment-full size-full wp-image-32186\" alt=\"\" srcset=\"https:\/\/www.danielefiesoli.com\/wp-content\/uploads\/2025\/04\/brand-vision-background.webp 1920w, https:\/\/www.danielefiesoli.com\/wp-content\/uploads\/2025\/04\/brand-vision-background-300x200.webp 300w, https:\/\/www.danielefiesoli.com\/wp-content\/uploads\/2025\/04\/brand-vision-background-1024x683.webp 1024w, https:\/\/www.danielefiesoli.com\/wp-content\/uploads\/2025\/04\/brand-vision-background-768x512.webp 768w, https:\/\/www.danielefiesoli.com\/wp-content\/uploads\/2025\/04\/brand-vision-background-1536x1025.webp 1536w, https:\/\/www.danielefiesoli.com\/wp-content\/uploads\/2025\/04\/brand-vision-background-18x12.webp 18w, https:\/\/www.danielefiesoli.com\/wp-content\/uploads\/2025\/04\/brand-vision-background-600x400.webp 600w\" sizes=\"(max-width: 1920px) 100vw, 1920px\" \/>\t\t\t\t\t\t\t\t\t\t\t\t\t\t\t<\/div>\n\t\t\t\t<\/div>\n\t\t<div class=\"elementor-element elementor-element-b9f5774 e-flex e-con-boxed e-con e-child\" data-id=\"b9f5774\" data-element_type=\"container\" data-e-type=\"container\">\n\t\t\t\t\t<div class=\"e-con-inner\">\n\t\t\t\t<div class=\"elementor-element elementor-element-37d0564 elementor-invisible elementor-widget elementor-widget-heading\" data-id=\"37d0564\" data-element_type=\"widget\" data-e-type=\"widget\" data-settings=\"{&quot;_animation&quot;:&quot;fadeInUp&quot;}\" data-widget_type=\"heading.default\">\n\t\t\t\t<div class=\"elementor-widget-container\">\n\t\t\t\t\t<h2 class=\"elementor-heading-title elementor-size-default\">Estetica: l\u2019essenza della raffinatezza<\/h2>\t\t\t\t<\/div>\n\t\t\t\t<\/div>\n\t\t\t\t<div class=\"elementor-element elementor-element-4bb6dfa elementor-invisible elementor-widget elementor-widget-text-editor\" data-id=\"4bb6dfa\" data-element_type=\"widget\" data-e-type=\"widget\" data-settings=\"{&quot;_animation&quot;:&quot;fadeInUp&quot;}\" data-widget_type=\"text-editor.default\">\n\t\t\t\t<div class=\"elementor-widget-container\">\n\t\t\t\t\t\t\t\t\t<p>L\u2019eleganza per noi \u00e8 una questione di dettagli: non ha bisogno di eccessi, si riconosce nei dettagli. Linee pulite, in equilibrio tra volumi e proporzioni, un intreccio di filati che scorrono sulla pelle, nella scelta consapevole di capi che non inseguono il tempo, ma lo attraversano con naturalezza. Creiamo per chi riconosce il valore della sobriet\u00e0 sofisticata, per chi cerca un guardaroba fatto di pezzi iconici, essenziali, pensati per durare nel tempo.<\/p>\t\t\t\t\t\t\t\t<\/div>\n\t\t\t\t<\/div>\n\t\t\t\t<div class=\"elementor-element elementor-element-2cd672a elementor-invisible elementor-widget elementor-widget-heading\" data-id=\"2cd672a\" data-element_type=\"widget\" data-e-type=\"widget\" data-settings=\"{&quot;_animation&quot;:&quot;fadeInUp&quot;}\" data-widget_type=\"heading.default\">\n\t\t\t\t<div class=\"elementor-widget-container\">\n\t\t\t\t\t<h2 class=\"elementor-heading-title elementor-size-default\">Qualit\u00e0: eccellenza senza compromessi<\/h2>\t\t\t\t<\/div>\n\t\t\t\t<\/div>\n\t\t\t\t<div class=\"elementor-element elementor-element-fe15293 elementor-invisible elementor-widget elementor-widget-text-editor\" data-id=\"fe15293\" data-element_type=\"widget\" data-e-type=\"widget\" data-settings=\"{&quot;_animation&quot;:&quot;fadeInUp&quot;}\" data-widget_type=\"text-editor.default\">\n\t\t\t\t<div class=\"elementor-widget-container\">\n\t\t\t\t\t\t\t\t\t<p>Lavoriamo alla ricerca costante di una qualit\u00e0 imprescindibile. Ogni fibra \u00e8 selezionata con cura, ogni lavorazione \u00e8 il risultato di mani esperte, ogni capo \u00e8 un tributo al Made in Italy. Per noi, il vero lusso \u00e8 questo: offrire capi che resistono al tempo, mantenendo intatta la loro anima.<\/p>\t\t\t\t\t\t\t\t<\/div>\n\t\t\t\t<\/div>\n\t\t\t\t<div class=\"elementor-element elementor-element-e470166 elementor-invisible elementor-widget elementor-widget-heading\" data-id=\"e470166\" data-element_type=\"widget\" data-e-type=\"widget\" data-settings=\"{&quot;_animation&quot;:&quot;fadeInUp&quot;}\" data-widget_type=\"heading.default\">\n\t\t\t\t<div class=\"elementor-widget-container\">\n\t\t\t\t\t<h2 class=\"elementor-heading-title elementor-size-default\">Innovazione: ridefinire i confini<\/h2>\t\t\t\t<\/div>\n\t\t\t\t<\/div>\n\t\t\t\t<div class=\"elementor-element elementor-element-4469f6b elementor-invisible elementor-widget elementor-widget-text-editor\" data-id=\"4469f6b\" data-element_type=\"widget\" data-e-type=\"widget\" data-settings=\"{&quot;_animation&quot;:&quot;fadeInUp&quot;}\" data-widget_type=\"text-editor.default\">\n\t\t\t\t<div class=\"elementor-widget-container\">\n\t\t\t\t\t\t\t\t\t<p>Guardiamo avanti, sempre. Sperimentiamo nuove tecniche, esploriamo materiali sostenibili, riscriviamo le regole della maglieria. Una delle nostre sfide \u00e8 trasformare fibre nobili in risorse rinnovate, dimostrando che sostenibilit\u00e0 e qualit\u00e0 possono essere un binomio perfetto. Come un tributo alla natura, ispirandoci alle origini, senza compromessi con l\u2019ambiente.<\/p>\t\t\t\t\t\t\t\t<\/div>\n\t\t\t\t<\/div>\n\t\t\t\t<div class=\"elementor-element elementor-element-1e4d1d7 elementor-invisible elementor-widget elementor-widget-heading\" data-id=\"1e4d1d7\" data-element_type=\"widget\" data-e-type=\"widget\" data-settings=\"{&quot;_animation&quot;:&quot;fadeInUp&quot;}\" data-widget_type=\"heading.default\">\n\t\t\t\t<div class=\"elementor-widget-container\">\n\t\t\t\t\t<h2 class=\"elementor-heading-title elementor-size-default\">Il futuro \u00e8 nelle scelte che facciamo oggi<\/h2>\t\t\t\t<\/div>\n\t\t\t\t<\/div>\n\t\t\t\t<div class=\"elementor-element elementor-element-e353797 elementor-invisible elementor-widget elementor-widget-text-editor\" data-id=\"e353797\" data-element_type=\"widget\" data-e-type=\"widget\" data-settings=\"{&quot;_animation&quot;:&quot;fadeInUp&quot;}\" data-widget_type=\"text-editor.default\">\n\t\t\t\t<div class=\"elementor-widget-container\">\n\t\t\t\t\t\t\t\t\t<p>Crediamo nel valore del tempo, nella bellezza che dura, nella responsabilit\u00e0 di ogni scelta. Creiamo per chi non si accontenta, per chi sceglie di indossare non solo un capo, ma una filosofia espressione della propria personalit\u00e0.<\/p>\t\t\t\t\t\t\t\t<\/div>\n\t\t\t\t<\/div>\n\t\t<div class=\"elementor-element elementor-element-0ed649e e-con-full e-flex e-con e-child\" data-id=\"0ed649e\" data-element_type=\"container\" data-e-type=\"container\">\n\t\t\t\t<div class=\"elementor-element elementor-element-a834b68 elementor-widget-divider--view-line elementor-invisible elementor-widget elementor-widget-divider\" data-id=\"a834b68\" data-element_type=\"widget\" data-e-type=\"widget\" data-settings=\"{&quot;_animation&quot;:&quot;slideInLeft&quot;,&quot;_animation_delay&quot;:500}\" data-widget_type=\"divider.default\">\n\t\t\t\t<div class=\"elementor-widget-container\">\n\t\t\t\t\t\t\t<div class=\"elementor-divider\">\n\t\t\t<span class=\"elementor-divider-separator\">\n\t\t\t\t\t\t<\/span>\n\t\t<\/div>\n\t\t\t\t\t\t<\/div>\n\t\t\t\t<\/div>\n\t\t\t\t<div class=\"elementor-element elementor-element-e00c548 elementor-invisible elementor-widget elementor-widget-heading\" data-id=\"e00c548\" data-element_type=\"widget\" data-e-type=\"widget\" data-settings=\"{&quot;_animation&quot;:&quot;slideInUp&quot;,&quot;_animation_delay&quot;:0}\" data-widget_type=\"heading.default\">\n\t\t\t\t<div class=\"elementor-widget-container\">\n\t\t\t\t\t<h2 class=\"elementor-heading-title elementor-size-default\">Sign up to newsletter<\/h2>\t\t\t\t<\/div>\n\t\t\t\t<\/div>\n\t\t\t\t<div class=\"elementor-element elementor-element-9756695 elementor-widget__width-initial elementor-widget elementor-widget-shortcode\" data-id=\"9756695\" data-element_type=\"widget\" data-e-type=\"widget\" data-widget_type=\"shortcode.default\">\n\t\t\t\t<div class=\"elementor-widget-container\">\n\t\t\t\t\t\t\t<div class=\"elementor-shortcode\">\t\t\t\t\t<script type=\"text\/javascript\">\n\t\t\t\t\t\tvar gCaptchaSibWidget;\n                        var onloadSibCallbackInvisible = function () {\n\n                            var element = document.getElementsByClassName('sib-default-btn');\n                            var countInvisible = 0;\n                            var indexArray = [];\n                            jQuery('.sib-default-btn').each(function (index, el) {\n                                if ((jQuery(el).attr('id') == \"invisible\")) {\n                                    indexArray[countInvisible] = index;\n                                    countInvisible++\n                                }\n                            });\n\n                            jQuery('.invi-recaptcha').each(function (index, el) {\n                                grecaptcha.render(element[indexArray[index]], {\n                                    'sitekey': jQuery(el).attr('data-sitekey'),\n                                    'callback': sibVerifyCallback,\n                                });\n                            });\n                        };\n\t\t\t\t\t<\/script>\n\t\t\t\t\t                <script src=\"https:\/\/www.google.com\/recaptcha\/api.js?onload=onloadSibCallbackInvisible&render=explicit\" async defer><\/script>\n\t\t\t\t\n\t\t\t<form id=\"sib_signup_form_1\" method=\"post\" class=\"sib_signup_form\">\n\t\t\t\t<div class=\"sib_loader\" style=\"display:none;\"><img\n\t\t\t\t\t\t\tsrc=\"https:\/\/www.danielefiesoli.com\/wp-includes\/images\/spinner.gif\" alt=\"loader\"><\/div>\n\t\t\t\t<input type=\"hidden\" name=\"sib_form_action\" value=\"subscribe_form_submit\">\n\t\t\t\t<input type=\"hidden\" name=\"sib_form_id\" value=\"1\">\n                <input type=\"hidden\" name=\"sib_form_alert_notice\" value=\"Please fill out this field\">\n                <input type=\"hidden\" name=\"sib_form_invalid_email_notice\" value=\"Your email address is invalid\">\n                <input type=\"hidden\" name=\"sib_security\" value=\"873e32cfe7\">\n\t\t\t\t<div class=\"sib_signup_box_inside_1\">\n\t\t\t\t\t<div style=\"\/*display:none*\/\" class=\"sib_msg_disp\">\n\t\t\t\t\t<\/div>\n                                            <div id=\"sib_captcha_invisible\" class=\"invi-recaptcha\" data-sitekey=\"6LdDhBgrAAAAAICHZVXrMQZjLHTiRbj4N7e2iNdP\"><\/div>\n                    \t\t\t\t\t<p class=\"sib-email-area\">\r\n    <input type=\"email\" class=\"sib-email-area\" name=\"email\" placeholder=\"Il tuo indirizzo email\" required=\"required\">\r\n<\/p>\r\n<p style=\"font-size:0.8em\"><input type=\"checkbox\" name=\"terms\" required=\"required\"> Ho letto e accettato la privacy policy<\/p>\r\n<p>\r\n    <input type=\"submit\" id=\"invisible\" class=\"sib-default-btn\" value=\"Iscriviti\">\r\n<\/p>\r\n\t\t\t\t<\/div>\n\t\t\t<\/form>\n\t\t\t<style>\n\t\t\t\tform#sib_signup_form_1 p.sib-alert-message {\n    padding: 6px 12px;\n    margin-bottom: 20px;\n    border: 1px solid transparent;\n    border-radius: 4px;\n    -webkit-box-sizing: border-box;\n    -moz-box-sizing: border-box;\n    box-sizing: border-box;\n}\nform#sib_signup_form_1 p.sib-alert-message-error {\n    background-color: #f2dede;\n    border-color: #ebccd1;\n    color: #a94442;\n}\nform#sib_signup_form_1 p.sib-alert-message-success {\n    background-color: #dff0d8;\n    border-color: #d6e9c6;\n    color: #3c763d;\n}\nform#sib_signup_form_1 p.sib-alert-message-warning {\n    background-color: #fcf8e3;\n    border-color: #faebcc;\n    color: #8a6d3b;\n}\n\t\t\t<\/style>\n\t\t\t<\/div>\n\t\t\t\t\t\t<\/div>\n\t\t\t\t<\/div>\n\t\t\t\t<\/div>\n\t\t\t\t\t<\/div>\n\t\t\t\t<\/div>\n\t\t\t\t<\/div>\n\t\t\t\t<\/div>\n\t\t\t\t<\/div>\n\t\t","protected":false},"excerpt":{"rendered":"<p>BRAND VISION La nostra idea di moda nasce dall\u2019incontro tra istinto e visione. \u00c8 un\u2019esperienza, un segno distintivo, un\u2019estensione di chi lo indossa. Ogni dettaglio ha un significato e nulla \u00e8 lasciato al caso. Daniele Fiesoli \u00e8 una sintesi tra avanguardia e tradizione, tra il sapere artigianale e il coraggio di innovare. Ogni collezione \u00e8 [&hellip;]<\/p>\n","protected":false},"author":1,"featured_media":0,"parent":0,"menu_order":0,"comment_status":"closed","ping_status":"closed","template":"","meta":{"footnotes":""},"class_list":["post-26329","page","type-page","status-publish","hentry"],"yoast_head":"<!-- This site is optimized with the Yoast SEO plugin v27.2 - https:\/\/yoast.com\/product\/yoast-seo-wordpress\/ -->\n<title>Brand Vision - Daniele Fiesoli<\/title>\n<meta name=\"robots\" content=\"index, follow, max-snippet:-1, max-image-preview:large, max-video-preview:-1\" \/>\n<link rel=\"canonical\" href=\"https:\/\/www.danielefiesoli.com\/en\/brand-vision\/\" \/>\n<meta property=\"og:locale\" content=\"en_GB\" \/>\n<meta property=\"og:type\" content=\"article\" \/>\n<meta property=\"og:title\" content=\"Brand Vision - Daniele Fiesoli\" \/>\n<meta property=\"og:description\" content=\"BRAND VISION La nostra idea di moda nasce dall\u2019incontro tra istinto e visione. \u00c8 un\u2019esperienza, un segno distintivo, un\u2019estensione di chi lo indossa. Ogni dettaglio ha un significato e nulla \u00e8 lasciato al caso. Daniele Fiesoli \u00e8 una sintesi tra avanguardia e tradizione, tra il sapere artigianale e il coraggio di innovare. Ogni collezione \u00e8 [&hellip;]\" \/>\n<meta property=\"og:url\" content=\"https:\/\/www.danielefiesoli.com\/en\/brand-vision\/\" \/>\n<meta property=\"og:site_name\" content=\"Daniele Fiesoli\" \/>\n<meta property=\"article:modified_time\" content=\"2025-04-30T15:42:32+00:00\" \/>\n<meta property=\"og:image\" content=\"https:\/\/www.danielefiesoli.com\/wp-content\/uploads\/2025\/04\/brand-vision-background.webp\" \/>\n\t<meta property=\"og:image:width\" content=\"1920\" \/>\n\t<meta property=\"og:image:height\" content=\"1281\" \/>\n\t<meta property=\"og:image:type\" content=\"image\/webp\" \/>\n<meta name=\"twitter:card\" content=\"summary_large_image\" \/>\n<meta name=\"twitter:label1\" content=\"Estimated reading time\" \/>\n\t<meta name=\"twitter:data1\" content=\"2 minutes\" \/>\n<script type=\"application\/ld+json\" class=\"yoast-schema-graph\">{\"@context\":\"https:\/\/schema.org\",\"@graph\":[{\"@type\":\"WebPage\",\"@id\":\"https:\/\/www.danielefiesoli.com\/brand-vision\/\",\"url\":\"https:\/\/www.danielefiesoli.com\/brand-vision\/\",\"name\":\"Brand Vision - Daniele Fiesoli\",\"isPartOf\":{\"@id\":\"https:\/\/www.danielefiesoli.com\/#website\"},\"primaryImageOfPage\":{\"@id\":\"https:\/\/www.danielefiesoli.com\/brand-vision\/#primaryimage\"},\"image\":{\"@id\":\"https:\/\/www.danielefiesoli.com\/brand-vision\/#primaryimage\"},\"thumbnailUrl\":\"https:\/\/www.danielefiesoli.com\/wp-content\/uploads\/2025\/04\/brand-vision-background.webp\",\"datePublished\":\"2025-04-10T07:55:02+00:00\",\"dateModified\":\"2025-04-30T15:42:32+00:00\",\"breadcrumb\":{\"@id\":\"https:\/\/www.danielefiesoli.com\/brand-vision\/#breadcrumb\"},\"inLanguage\":\"en-GB\",\"potentialAction\":[{\"@type\":\"ReadAction\",\"target\":[\"https:\/\/www.danielefiesoli.com\/brand-vision\/\"]}]},{\"@type\":\"ImageObject\",\"inLanguage\":\"en-GB\",\"@id\":\"https:\/\/www.danielefiesoli.com\/brand-vision\/#primaryimage\",\"url\":\"https:\/\/www.danielefiesoli.com\/wp-content\/uploads\/2025\/04\/brand-vision-background.webp\",\"contentUrl\":\"https:\/\/www.danielefiesoli.com\/wp-content\/uploads\/2025\/04\/brand-vision-background.webp\"},{\"@type\":\"BreadcrumbList\",\"@id\":\"https:\/\/www.danielefiesoli.com\/brand-vision\/#breadcrumb\",\"itemListElement\":[{\"@type\":\"ListItem\",\"position\":1,\"name\":\"Home\",\"item\":\"https:\/\/www.danielefiesoli.com\/\"},{\"@type\":\"ListItem\",\"position\":2,\"name\":\"Brand Vision\"}]},{\"@type\":\"WebSite\",\"@id\":\"https:\/\/www.danielefiesoli.com\/#website\",\"url\":\"https:\/\/www.danielefiesoli.com\/\",\"name\":\"Daniele Fiesoli\",\"description\":\"\",\"publisher\":{\"@id\":\"https:\/\/www.danielefiesoli.com\/#organization\"},\"potentialAction\":[{\"@type\":\"SearchAction\",\"target\":{\"@type\":\"EntryPoint\",\"urlTemplate\":\"https:\/\/www.danielefiesoli.com\/?s={search_term_string}\"},\"query-input\":{\"@type\":\"PropertyValueSpecification\",\"valueRequired\":true,\"valueName\":\"search_term_string\"}}],\"inLanguage\":\"en-GB\"},{\"@type\":\"Organization\",\"@id\":\"https:\/\/www.danielefiesoli.com\/#organization\",\"name\":\"Daniele Fiesoli\",\"url\":\"https:\/\/www.danielefiesoli.com\/\",\"logo\":{\"@type\":\"ImageObject\",\"inLanguage\":\"en-GB\",\"@id\":\"https:\/\/www.danielefiesoli.com\/#\/schema\/logo\/image\/\",\"url\":\"https:\/\/www.danielefiesoli.com\/wp-content\/uploads\/2024\/09\/logo-white-big.png\",\"contentUrl\":\"https:\/\/www.danielefiesoli.com\/wp-content\/uploads\/2024\/09\/logo-white-big.png\",\"width\":1920,\"height\":236,\"caption\":\"Daniele Fiesoli\"},\"image\":{\"@id\":\"https:\/\/www.danielefiesoli.com\/#\/schema\/logo\/image\/\"}}]}<\/script>\n<!-- \/ Yoast SEO plugin. -->","yoast_head_json":{"title":"Brand Vision - Daniele Fiesoli","robots":{"index":"index","follow":"follow","max-snippet":"max-snippet:-1","max-image-preview":"max-image-preview:large","max-video-preview":"max-video-preview:-1"},"canonical":"https:\/\/www.danielefiesoli.com\/en\/brand-vision\/","og_locale":"en_GB","og_type":"article","og_title":"Brand Vision - Daniele Fiesoli","og_description":"BRAND VISION La nostra idea di moda nasce dall\u2019incontro tra istinto e visione. \u00c8 un\u2019esperienza, un segno distintivo, un\u2019estensione di chi lo indossa. Ogni dettaglio ha un significato e nulla \u00e8 lasciato al caso. Daniele Fiesoli \u00e8 una sintesi tra avanguardia e tradizione, tra il sapere artigianale e il coraggio di innovare. Ogni collezione \u00e8 [&hellip;]","og_url":"https:\/\/www.danielefiesoli.com\/en\/brand-vision\/","og_site_name":"Daniele Fiesoli","article_modified_time":"2025-04-30T15:42:32+00:00","og_image":[{"width":1920,"height":1281,"url":"https:\/\/www.danielefiesoli.com\/wp-content\/uploads\/2025\/04\/brand-vision-background.webp","type":"image\/webp"}],"twitter_card":"summary_large_image","twitter_misc":{"Estimated reading time":"2 minutes"},"schema":{"@context":"https:\/\/schema.org","@graph":[{"@type":"WebPage","@id":"https:\/\/www.danielefiesoli.com\/brand-vision\/","url":"https:\/\/www.danielefiesoli.com\/brand-vision\/","name":"Brand Vision - Daniele Fiesoli","isPartOf":{"@id":"https:\/\/www.danielefiesoli.com\/#website"},"primaryImageOfPage":{"@id":"https:\/\/www.danielefiesoli.com\/brand-vision\/#primaryimage"},"image":{"@id":"https:\/\/www.danielefiesoli.com\/brand-vision\/#primaryimage"},"thumbnailUrl":"https:\/\/www.danielefiesoli.com\/wp-content\/uploads\/2025\/04\/brand-vision-background.webp","datePublished":"2025-04-10T07:55:02+00:00","dateModified":"2025-04-30T15:42:32+00:00","breadcrumb":{"@id":"https:\/\/www.danielefiesoli.com\/brand-vision\/#breadcrumb"},"inLanguage":"en-GB","potentialAction":[{"@type":"ReadAction","target":["https:\/\/www.danielefiesoli.com\/brand-vision\/"]}]},{"@type":"ImageObject","inLanguage":"en-GB","@id":"https:\/\/www.danielefiesoli.com\/brand-vision\/#primaryimage","url":"https:\/\/www.danielefiesoli.com\/wp-content\/uploads\/2025\/04\/brand-vision-background.webp","contentUrl":"https:\/\/www.danielefiesoli.com\/wp-content\/uploads\/2025\/04\/brand-vision-background.webp"},{"@type":"BreadcrumbList","@id":"https:\/\/www.danielefiesoli.com\/brand-vision\/#breadcrumb","itemListElement":[{"@type":"ListItem","position":1,"name":"Home","item":"https:\/\/www.danielefiesoli.com\/"},{"@type":"ListItem","position":2,"name":"Brand Vision"}]},{"@type":"WebSite","@id":"https:\/\/www.danielefiesoli.com\/#website","url":"https:\/\/www.danielefiesoli.com\/","name":"Daniele Fiesoli","description":"","publisher":{"@id":"https:\/\/www.danielefiesoli.com\/#organization"},"potentialAction":[{"@type":"SearchAction","target":{"@type":"EntryPoint","urlTemplate":"https:\/\/www.danielefiesoli.com\/?s={search_term_string}"},"query-input":{"@type":"PropertyValueSpecification","valueRequired":true,"valueName":"search_term_string"}}],"inLanguage":"en-GB"},{"@type":"Organization","@id":"https:\/\/www.danielefiesoli.com\/#organization","name":"Daniele Fiesoli","url":"https:\/\/www.danielefiesoli.com\/","logo":{"@type":"ImageObject","inLanguage":"en-GB","@id":"https:\/\/www.danielefiesoli.com\/#\/schema\/logo\/image\/","url":"https:\/\/www.danielefiesoli.com\/wp-content\/uploads\/2024\/09\/logo-white-big.png","contentUrl":"https:\/\/www.danielefiesoli.com\/wp-content\/uploads\/2024\/09\/logo-white-big.png","width":1920,"height":236,"caption":"Daniele Fiesoli"},"image":{"@id":"https:\/\/www.danielefiesoli.com\/#\/schema\/logo\/image\/"}}]}},"_links":{"self":[{"href":"https:\/\/www.danielefiesoli.com\/en\/wp-json\/wp\/v2\/pages\/26329","targetHints":{"allow":["GET"]}}],"collection":[{"href":"https:\/\/www.danielefiesoli.com\/en\/wp-json\/wp\/v2\/pages"}],"about":[{"href":"https:\/\/www.danielefiesoli.com\/en\/wp-json\/wp\/v2\/types\/page"}],"author":[{"embeddable":true,"href":"https:\/\/www.danielefiesoli.com\/en\/wp-json\/wp\/v2\/users\/1"}],"replies":[{"embeddable":true,"href":"https:\/\/www.danielefiesoli.com\/en\/wp-json\/wp\/v2\/comments?post=26329"}],"version-history":[{"count":19,"href":"https:\/\/www.danielefiesoli.com\/en\/wp-json\/wp\/v2\/pages\/26329\/revisions"}],"predecessor-version":[{"id":33465,"href":"https:\/\/www.danielefiesoli.com\/en\/wp-json\/wp\/v2\/pages\/26329\/revisions\/33465"}],"wp:attachment":[{"href":"https:\/\/www.danielefiesoli.com\/en\/wp-json\/wp\/v2\/media?parent=26329"}],"curies":[{"name":"wp","href":"https:\/\/api.w.org\/{rel}","templated":true}]}}